{"id":26342,"date":"2024-06-10T12:29:40","date_gmt":"2024-06-10T12:29:40","guid":{"rendered":"https:\/\/shop.hometolife3d.com\/index.php\/product\/richmond-interiors-esszimmerstuhl-gatsbi-beige-chenille\/"},"modified":"2026-04-28T17:34:27","modified_gmt":"2026-04-28T17:34:27","slug":"richmond-interiors-esszimmerstuhl-gatsbi-beige-chenille","status":"publish","type":"product","link":"https:\/\/shop.hometolife3d.com\/index.php\/product\/richmond-interiors-esszimmerstuhl-gatsbi-beige-chenille\/","title":{"rendered":"Richmond Interiors Esszimmerstuhl Gatsbi beige Chenille"},"content":{"rendered":"<p>Der Esszimmerstuhl Gatsbi beige Chenille von Richmond Interiors kombiniert zeitloses Design mit feuerhemmenden Eigenschaften, um h\u00f6chste Sicherheitsstandards zu erf\u00fcllen. Mit seinem eleganten Bezug in Niagara 902 beige, hochwertigem Metallgestell und flammenhemmendem Polstermaterial wird dieser Stuhl zu einer erstklassigen Wahl f\u00fcr Ihr Esszimmer oder gewerbliche Einrichtungen.<br \/>\nProduktmerkmale:<br \/>\nMarke: Richmond Interiors<br \/>\nModell: Gatsbi beige Chenille (Niagara 902 beige)<br \/>\nFarbe: Niagara 902 beige<br \/>\nMaterial: Metall, 100% Polyester, Schaumstoff (Foam)<br \/>\nProdukth\u00f6he: 81,0 cm<br \/>\nProduktbreite: 61,0 cm<br \/>\nTiefenprodukt: 61,0 cm<br \/>\nM3\/Einheit: 0,2<br \/>\nBruttogewicht: 13,5 kg<br \/>\nTechnische Details:<br \/>\nFeuerhemmendes Material f\u00fcr zus\u00e4tzliche Sicherheit.<br \/>\nDer Esszimmerstuhl Gatsbi beige Chenille \u00fcberzeugt nicht nur durch sein \u00e4sthetisches Design, sondern erf\u00fcllt auch h\u00f6chste Sicherheitsanforderungen dank des feuerhemmenden Materials.<br \/>\nMaterialhinweise:<br \/>\nHochwertiger Bezug aus 100% Polyester-Chenille f\u00fcr ein angenehmes Sitzgef\u00fchl.<br \/>\nStabiles Metallgestell gew\u00e4hrleistet eine robuste Konstruktion.<br \/>\nFeuerhemmender Schaumstoff (Foam) f\u00fcr erh\u00f6hte Sicherheit.<br \/>\nErleben Sie Komfort und Sicherheit mit dem Esszimmerstuhl Gatsbi beige Chenille von Richmond Interiors. Bestellen Sie jetzt und gestalten Sie Ihr Esszimmer stilvoll und sicher!<\/p>\n","protected":false},"excerpt":{"rendered":"<p>Der Esszimmerstuhl Gatsbi beige Chenille von Richmond Interiors kombiniert zeitloses Design mit feuerhemmenden Eigenschaften, um h\u00f6chste Sicherheitsstandards zu erf\u00fcllen. Mit seinem eleganten Bezug in Niagara 902 beige, hochwertigem Metallgestell und flammenhemmendem Polstermaterial wird dieser Stuhl zu einer erstklassigen Wahl f\u00fcr Ihr Esszimmer oder gewerbliche Einrichtungen. Produktmerkmale: Marke: Richmond Interiors Modell: Gatsbi beige Chenille (Niagara 902 [&hellip;]<\/p>\n","protected":false},"featured_media":26341,"template":"","meta":{"_acf_changed":false},"product_brand":[],"product_cat":[187],"product_tag":[],"product_designer":[],"class_list":{"0":"post-26342","1":"product","2":"type-product","3":"status-publish","4":"has-post-thumbnail","6":"product_cat-alle-items","8":"first","9":"outofstock","10":"shipping-taxable","11":"purchasable","12":"product-type-simple"},"acf":[],"_links":{"self":[{"href":"https:\/\/shop.hometolife3d.com\/index.php\/wp-json\/wp\/v2\/product\/26342","targetHints":{"allow":["GET"]}}],"collection":[{"href":"https:\/\/shop.hometolife3d.com\/index.php\/wp-json\/wp\/v2\/product"}],"about":[{"href":"https:\/\/shop.hometolife3d.com\/index.php\/wp-json\/wp\/v2\/types\/product"}],"version-history":[{"count":0,"href":"https:\/\/shop.hometolife3d.com\/index.php\/wp-json\/wp\/v2\/product\/26342\/revisions"}],"wp:featuredmedia":[{"embeddable":true,"href":"https:\/\/shop.hometolife3d.com\/index.php\/wp-json\/wp\/v2\/media\/26341"}],"wp:attachment":[{"href":"https:\/\/shop.hometolife3d.com\/index.php\/wp-json\/wp\/v2\/media?parent=26342"}],"wp:term":[{"taxonomy":"product_brand","embeddable":true,"href":"https:\/\/shop.hometolife3d.com\/index.php\/wp-json\/wp\/v2\/product_brand?post=26342"},{"taxonomy":"product_cat","embeddable":true,"href":"https:\/\/shop.hometolife3d.com\/index.php\/wp-json\/wp\/v2\/product_cat?post=26342"},{"taxonomy":"product_tag","embeddable":true,"href":"https:\/\/shop.hometolife3d.com\/index.php\/wp-json\/wp\/v2\/product_tag?post=26342"},{"taxonomy":"product_designer","embeddable":true,"href":"https:\/\/shop.hometolife3d.com\/index.php\/wp-json\/wp\/v2\/product_designer?post=26342"}],"curies":[{"name":"wp","href":"https:\/\/api.w.org\/{rel}","templated":true}]}}