{"id":26088,"date":"2024-05-28T07:25:11","date_gmt":"2024-05-28T07:25:11","guid":{"rendered":"https:\/\/shop.hometolife3d.com\/index.php\/product\/richmond-interiors-couchtisch-freya-geburstetes-gold\/"},"modified":"2026-04-29T08:25:19","modified_gmt":"2026-04-29T08:25:19","slug":"richmond-interiors-couchtisch-freya-geburstetes-gold","status":"publish","type":"product","link":"https:\/\/shop.hometolife3d.com\/index.php\/product\/richmond-interiors-couchtisch-freya-geburstetes-gold\/","title":{"rendered":"Richmond Interiors Couchtisch Freya (Geb\u00fcrstetes Gold)"},"content":{"rendered":"<p>Entdecke bei HOMKA living eine vielf\u00e4ltige Auswahl an Einrichtungsgegenst\u00e4nden und Dekorationen f\u00fcr jeden Stil. Lasse dich durch unsere inspirierenden Inspirationen leiten und gestalte deinen pers\u00f6nlichen Wohntraum. Finde bei uns genau das Richtige f\u00fcr dein Zuhause!<\/p>\n","protected":false},"excerpt":{"rendered":"<p>Entdecke bei HOMKA living eine vielf\u00e4ltige Auswahl an Einrichtungsgegenst\u00e4nden und Dekorationen f\u00fcr jeden Stil. Lasse dich durch unsere inspirierenden Inspirationen leiten und gestalte deinen pers\u00f6nlichen Wohntraum. Finde bei uns genau das Richtige f\u00fcr dein Zuhause!<\/p>\n","protected":false},"featured_media":26085,"template":"","meta":{"_acf_changed":false},"product_brand":[],"product_cat":[15],"product_tag":[],"product_designer":[],"class_list":{"0":"post-26088","1":"product","2":"type-product","3":"status-publish","4":"has-post-thumbnail","6":"product_cat-geen-categorie","8":"first","9":"outofstock","10":"shipping-taxable","11":"purchasable","12":"product-type-simple"},"acf":[],"_links":{"self":[{"href":"https:\/\/shop.hometolife3d.com\/index.php\/wp-json\/wp\/v2\/product\/26088","targetHints":{"allow":["GET"]}}],"collection":[{"href":"https:\/\/shop.hometolife3d.com\/index.php\/wp-json\/wp\/v2\/product"}],"about":[{"href":"https:\/\/shop.hometolife3d.com\/index.php\/wp-json\/wp\/v2\/types\/product"}],"version-history":[{"count":0,"href":"https:\/\/shop.hometolife3d.com\/index.php\/wp-json\/wp\/v2\/product\/26088\/revisions"}],"wp:featuredmedia":[{"embeddable":true,"href":"https:\/\/shop.hometolife3d.com\/index.php\/wp-json\/wp\/v2\/media\/26085"}],"wp:attachment":[{"href":"https:\/\/shop.hometolife3d.com\/index.php\/wp-json\/wp\/v2\/media?parent=26088"}],"wp:term":[{"taxonomy":"product_brand","embeddable":true,"href":"https:\/\/shop.hometolife3d.com\/index.php\/wp-json\/wp\/v2\/product_brand?post=26088"},{"taxonomy":"product_cat","embeddable":true,"href":"https:\/\/shop.hometolife3d.com\/index.php\/wp-json\/wp\/v2\/product_cat?post=26088"},{"taxonomy":"product_tag","embeddable":true,"href":"https:\/\/shop.hometolife3d.com\/index.php\/wp-json\/wp\/v2\/product_tag?post=26088"},{"taxonomy":"product_designer","embeddable":true,"href":"https:\/\/shop.hometolife3d.com\/index.php\/wp-json\/wp\/v2\/product_designer?post=26088"}],"curies":[{"name":"wp","href":"https:\/\/api.w.org\/{rel}","templated":true}]}}