{"id":25547,"date":"2024-04-15T11:34:36","date_gmt":"2024-04-15T11:34:36","guid":{"rendered":"https:\/\/shop.hometolife3d.com\/index.php\/product\/schwarzer-spiegel-philou-woood\/"},"modified":"2026-04-28T18:47:04","modified_gmt":"2026-04-28T18:47:04","slug":"schwarzer-spiegel-philou-woood","status":"publish","type":"product","link":"https:\/\/shop.hometolife3d.com\/index.php\/product\/schwarzer-spiegel-philou-woood\/","title":{"rendered":"Schwarzer Spiegel Philou Woood"},"content":{"rendered":"<p>Der Spiegel Philou der niederl\u00e4ndischen Marke WOOOOD zieht mit seiner sehr originellen organischen Form die Blicke auf sich. Ein modernes Designerst\u00fcck, das man sich gerne an die Wand h\u00e4ngt. Der Rahmen aus schwarzem Metall besticht durch seine Feinheit und Eleganz. Raffiniertes Design, f\u00fcr einen einzigartigen Spiegel<\/p>\n","protected":false},"excerpt":{"rendered":"<p>Der Spiegel Philou der niederl\u00e4ndischen Marke WOOOOD zieht mit seiner sehr originellen organischen Form die Blicke auf sich. Ein modernes Designerst\u00fcck, das man sich gerne an die Wand h\u00e4ngt. Der Rahmen aus schwarzem Metall besticht durch seine Feinheit und Eleganz. Raffiniertes Design, f\u00fcr einen einzigartigen Spiegel<\/p>\n","protected":false},"featured_media":25546,"template":"","meta":{"_acf_changed":false},"product_brand":[],"product_cat":[187],"product_tag":[],"product_designer":[],"class_list":{"0":"post-25547","1":"product","2":"type-product","3":"status-publish","4":"has-post-thumbnail","6":"product_cat-alle-items","8":"first","9":"instock","10":"shipping-taxable","11":"purchasable","12":"product-type-simple"},"acf":[],"_links":{"self":[{"href":"https:\/\/shop.hometolife3d.com\/index.php\/wp-json\/wp\/v2\/product\/25547","targetHints":{"allow":["GET"]}}],"collection":[{"href":"https:\/\/shop.hometolife3d.com\/index.php\/wp-json\/wp\/v2\/product"}],"about":[{"href":"https:\/\/shop.hometolife3d.com\/index.php\/wp-json\/wp\/v2\/types\/product"}],"version-history":[{"count":0,"href":"https:\/\/shop.hometolife3d.com\/index.php\/wp-json\/wp\/v2\/product\/25547\/revisions"}],"wp:featuredmedia":[{"embeddable":true,"href":"https:\/\/shop.hometolife3d.com\/index.php\/wp-json\/wp\/v2\/media\/25546"}],"wp:attachment":[{"href":"https:\/\/shop.hometolife3d.com\/index.php\/wp-json\/wp\/v2\/media?parent=25547"}],"wp:term":[{"taxonomy":"product_brand","embeddable":true,"href":"https:\/\/shop.hometolife3d.com\/index.php\/wp-json\/wp\/v2\/product_brand?post=25547"},{"taxonomy":"product_cat","embeddable":true,"href":"https:\/\/shop.hometolife3d.com\/index.php\/wp-json\/wp\/v2\/product_cat?post=25547"},{"taxonomy":"product_tag","embeddable":true,"href":"https:\/\/shop.hometolife3d.com\/index.php\/wp-json\/wp\/v2\/product_tag?post=25547"},{"taxonomy":"product_designer","embeddable":true,"href":"https:\/\/shop.hometolife3d.com\/index.php\/wp-json\/wp\/v2\/product_designer?post=25547"}],"curies":[{"name":"wp","href":"https:\/\/api.w.org\/{rel}","templated":true}]}}