{"id":25328,"date":"2024-03-24T14:51:13","date_gmt":"2024-03-24T14:51:13","guid":{"rendered":"https:\/\/shop.hometolife3d.com\/index.php\/product\/koshi-rm1060-03\/"},"modified":"2026-04-28T23:48:53","modified_gmt":"2026-04-28T23:48:53","slug":"koshi-rm1060-03","status":"publish","type":"product","link":"https:\/\/shop.hometolife3d.com\/index.php\/product\/koshi-rm1060-03\/","title":{"rendered":"Koshi RM1060 03"},"content":{"rendered":"<p>Elitis Hanji Koshi Un langage universel Entziehend jeder Klassifikation nimmt Papier Volumen an, um eine Welt der Reliefgestaltung im Geiste handwerklicher Kunst zu erfinden. Durch k\u00fchne Muster und Texturen wird die rohe und beruhigende Einfachheit des Materials enth\u00fcllt. Beides ist fassbar und nat\u00fcrlich. Von den samtigen T\u00f6nen des Ton-in-Ton bis zu den Kontrasten von Gold oder schimmernden Farbt\u00f6nen gegen matte Papiere ist alles ein Spiel von Licht. Diese Kreationen, vollst\u00e4ndig aus Papiermasse gefertigt, lassen sich von den gro\u00dfen Mosaikwandbildern inspirieren, die in der Mitte des Jahrhunderts en vogue waren. Die Farben sind nat\u00fcrliche: Wei\u00df, gebrochenes Wei\u00df, tiefes Grau, Karamell und Hauch von Schimmer. Die kostbare Handwerkskunst ist ein herausragendes Merkmal unserer Kollektionen. Beschreibung: Sculpted paper, Permanent fire resistant, Handcrafted product, Natural material Zusammensetzung : 100% Papier auf Vliesr\u00fccken Abmessungen +\/- 3% : 91cm breit Verkaufseinheit : Laufmeter Rapport : Ansatzfrei oder angepasst auf das Quadrat von 29,5 cm Brandschutzklasse: Zertifikat auf Anfrage Gewicht : 0,5 kg pro Laufmeter Empfohlener Kleber Ovalit S \u00a0<\/p>\n","protected":false},"excerpt":{"rendered":"<p>Elitis Hanji Koshi Un langage universel Entziehend jeder Klassifikation nimmt Papier Volumen an, um eine Welt der Reliefgestaltung im Geiste handwerklicher Kunst zu erfinden. Durch k\u00fchne Muster und Texturen wird die rohe und beruhigende Einfachheit des Materials enth\u00fcllt. Beides ist fassbar und nat\u00fcrlich. Von den samtigen T\u00f6nen des Ton-in-Ton bis zu den Kontrasten von Gold [&hellip;]<\/p>\n","protected":false},"featured_media":25327,"template":"","meta":{"_acf_changed":false},"product_brand":[],"product_cat":[187],"product_tag":[],"product_designer":[],"class_list":{"0":"post-25328","1":"product","2":"type-product","3":"status-publish","4":"has-post-thumbnail","6":"product_cat-alle-items","8":"first","9":"instock","10":"shipping-taxable","11":"purchasable","12":"product-type-simple"},"acf":[],"_links":{"self":[{"href":"https:\/\/shop.hometolife3d.com\/index.php\/wp-json\/wp\/v2\/product\/25328","targetHints":{"allow":["GET"]}}],"collection":[{"href":"https:\/\/shop.hometolife3d.com\/index.php\/wp-json\/wp\/v2\/product"}],"about":[{"href":"https:\/\/shop.hometolife3d.com\/index.php\/wp-json\/wp\/v2\/types\/product"}],"version-history":[{"count":0,"href":"https:\/\/shop.hometolife3d.com\/index.php\/wp-json\/wp\/v2\/product\/25328\/revisions"}],"wp:featuredmedia":[{"embeddable":true,"href":"https:\/\/shop.hometolife3d.com\/index.php\/wp-json\/wp\/v2\/media\/25327"}],"wp:attachment":[{"href":"https:\/\/shop.hometolife3d.com\/index.php\/wp-json\/wp\/v2\/media?parent=25328"}],"wp:term":[{"taxonomy":"product_brand","embeddable":true,"href":"https:\/\/shop.hometolife3d.com\/index.php\/wp-json\/wp\/v2\/product_brand?post=25328"},{"taxonomy":"product_cat","embeddable":true,"href":"https:\/\/shop.hometolife3d.com\/index.php\/wp-json\/wp\/v2\/product_cat?post=25328"},{"taxonomy":"product_tag","embeddable":true,"href":"https:\/\/shop.hometolife3d.com\/index.php\/wp-json\/wp\/v2\/product_tag?post=25328"},{"taxonomy":"product_designer","embeddable":true,"href":"https:\/\/shop.hometolife3d.com\/index.php\/wp-json\/wp\/v2\/product_designer?post=25328"}],"curies":[{"name":"wp","href":"https:\/\/api.w.org\/{rel}","templated":true}]}}