{"id":25291,"date":"2024-03-23T16:36:13","date_gmt":"2024-03-23T16:36:13","guid":{"rendered":"https:\/\/shop.hometolife3d.com\/index.php\/product\/richmond-interiors-sessel-montana-desert-renegade\/"},"modified":"2026-04-29T19:23:41","modified_gmt":"2026-04-29T19:23:41","slug":"richmond-interiors-sessel-montana-desert-renegade","status":"publish","type":"product","link":"https:\/\/shop.hometolife3d.com\/index.php\/product\/richmond-interiors-sessel-montana-desert-renegade\/","title":{"rendered":"Richmond Interiors Fauteuils Montana desert renegade"},"content":{"rendered":"<p>Der Richmond Interiors Sessel Montana in Desert Renegade ist ein Ausdruck von rustikalem Charme und zeitgem\u00e4\u00dfem Stil. Dieser Sessel verleiht Ihrem Raum eine warme und einladende Atmosph\u00e4re und ist gleichzeitig ein Statement-M\u00f6belst\u00fcck.<br \/>\n Voraussichtliche Lieferung 23-04-24<br \/>\nEAN\u00a08720621692218<br \/>\nProdukth\u00f6he<br \/>\n73.0<br \/>\nProduktbreite<br \/>\n88.5<br \/>\nTiefenprodukt<br \/>\n87.0<br \/>\nM3\/Einheit<br \/>\n0,6<br \/>\nBruttogewicht<br \/>\n21<br \/>\nMateriaal<br \/>\nash, 100% polyester, foam<\/p>\n","protected":false},"excerpt":{"rendered":"<p>Der Richmond Interiors Sessel Montana in Desert Renegade ist ein Ausdruck von rustikalem Charme und zeitgem\u00e4\u00dfem Stil. Dieser Sessel verleiht Ihrem Raum eine warme und einladende Atmosph\u00e4re und ist gleichzeitig ein Statement-M\u00f6belst\u00fcck. Voraussichtliche Lieferung 23-04-24 EAN\u00a08720621692218 Produkth\u00f6he 73.0 Produktbreite 88.5 Tiefenprodukt 87.0 M3\/Einheit 0,6 Bruttogewicht 21 Materiaal ash, 100% polyester, foam<\/p>\n","protected":false},"featured_media":25290,"template":"","meta":{"_acf_changed":false},"product_brand":[],"product_cat":[187],"product_tag":[],"product_designer":[],"class_list":{"0":"post-25291","1":"product","2":"type-product","3":"status-publish","4":"has-post-thumbnail","6":"product_cat-alle-items","8":"first","9":"outofstock","10":"shipping-taxable","11":"purchasable","12":"product-type-simple"},"acf":[],"_links":{"self":[{"href":"https:\/\/shop.hometolife3d.com\/index.php\/wp-json\/wp\/v2\/product\/25291","targetHints":{"allow":["GET"]}}],"collection":[{"href":"https:\/\/shop.hometolife3d.com\/index.php\/wp-json\/wp\/v2\/product"}],"about":[{"href":"https:\/\/shop.hometolife3d.com\/index.php\/wp-json\/wp\/v2\/types\/product"}],"version-history":[{"count":0,"href":"https:\/\/shop.hometolife3d.com\/index.php\/wp-json\/wp\/v2\/product\/25291\/revisions"}],"wp:featuredmedia":[{"embeddable":true,"href":"https:\/\/shop.hometolife3d.com\/index.php\/wp-json\/wp\/v2\/media\/25290"}],"wp:attachment":[{"href":"https:\/\/shop.hometolife3d.com\/index.php\/wp-json\/wp\/v2\/media?parent=25291"}],"wp:term":[{"taxonomy":"product_brand","embeddable":true,"href":"https:\/\/shop.hometolife3d.com\/index.php\/wp-json\/wp\/v2\/product_brand?post=25291"},{"taxonomy":"product_cat","embeddable":true,"href":"https:\/\/shop.hometolife3d.com\/index.php\/wp-json\/wp\/v2\/product_cat?post=25291"},{"taxonomy":"product_tag","embeddable":true,"href":"https:\/\/shop.hometolife3d.com\/index.php\/wp-json\/wp\/v2\/product_tag?post=25291"},{"taxonomy":"product_designer","embeddable":true,"href":"https:\/\/shop.hometolife3d.com\/index.php\/wp-json\/wp\/v2\/product_designer?post=25291"}],"curies":[{"name":"wp","href":"https:\/\/api.w.org\/{rel}","templated":true}]}}