{"id":23056,"date":"2024-01-08T12:11:31","date_gmt":"2024-01-08T12:11:31","guid":{"rendered":"https:\/\/shop.hometolife3d.com\/index.php\/product\/loveseat-adele-sky\/"},"modified":"2026-04-28T17:30:41","modified_gmt":"2026-04-28T17:30:41","slug":"loveseat-adele-sky","status":"publish","type":"product","link":"https:\/\/shop.hometolife3d.com\/index.php\/product\/loveseat-adele-sky\/","title":{"rendered":"Loveseat Ad\u00e8le Sky"},"content":{"rendered":"<p>Loveseat Ad\u00e8le Sky is een luxe loungechair, welke een ware eyecatcher is in jouw woning! Wat deze loveseat \u00e9xtra speciaal maakt zijn de hoge zwarte pootjes, dit geeft een moderne touch en open uitstraling. Een prachtige toevoeging aan jouw interieur voor een extra zitplek!<\/p>\n","protected":false},"excerpt":{"rendered":"<p>Loveseat Ad\u00e8le Sky is een luxe loungechair, welke een ware eyecatcher is in jouw woning! Wat deze loveseat \u00e9xtra speciaal maakt zijn de hoge zwarte pootjes, dit geeft een moderne touch en open uitstraling. Een prachtige toevoeging aan jouw interieur voor een extra zitplek!<\/p>\n","protected":false},"featured_media":23055,"template":"","meta":{"_acf_changed":false},"product_brand":[],"product_cat":[15],"product_tag":[],"product_designer":[199],"class_list":{"0":"post-23056","1":"product","2":"type-product","3":"status-publish","4":"has-post-thumbnail","6":"product_cat-geen-categorie","7":"product_designer-room108","9":"first","10":"outofstock","11":"shipping-taxable","12":"purchasable","13":"product-type-simple"},"acf":[],"_links":{"self":[{"href":"https:\/\/shop.hometolife3d.com\/index.php\/wp-json\/wp\/v2\/product\/23056","targetHints":{"allow":["GET"]}}],"collection":[{"href":"https:\/\/shop.hometolife3d.com\/index.php\/wp-json\/wp\/v2\/product"}],"about":[{"href":"https:\/\/shop.hometolife3d.com\/index.php\/wp-json\/wp\/v2\/types\/product"}],"version-history":[{"count":0,"href":"https:\/\/shop.hometolife3d.com\/index.php\/wp-json\/wp\/v2\/product\/23056\/revisions"}],"wp:featuredmedia":[{"embeddable":true,"href":"https:\/\/shop.hometolife3d.com\/index.php\/wp-json\/wp\/v2\/media\/23055"}],"wp:attachment":[{"href":"https:\/\/shop.hometolife3d.com\/index.php\/wp-json\/wp\/v2\/media?parent=23056"}],"wp:term":[{"taxonomy":"product_brand","embeddable":true,"href":"https:\/\/shop.hometolife3d.com\/index.php\/wp-json\/wp\/v2\/product_brand?post=23056"},{"taxonomy":"product_cat","embeddable":true,"href":"https:\/\/shop.hometolife3d.com\/index.php\/wp-json\/wp\/v2\/product_cat?post=23056"},{"taxonomy":"product_tag","embeddable":true,"href":"https:\/\/shop.hometolife3d.com\/index.php\/wp-json\/wp\/v2\/product_tag?post=23056"},{"taxonomy":"product_designer","embeddable":true,"href":"https:\/\/shop.hometolife3d.com\/index.php\/wp-json\/wp\/v2\/product_designer?post=23056"}],"curies":[{"name":"wp","href":"https:\/\/api.w.org\/{rel}","templated":true}]}}