{"id":21755,"date":"2023-11-30T12:05:12","date_gmt":"2023-11-30T12:05:12","guid":{"rendered":"https:\/\/shop.hometolife3d.com\/index.php\/product\/oblong-arte-2\/"},"modified":"2026-04-28T21:17:09","modified_gmt":"2026-04-28T21:17:09","slug":"oblong-arte-2","status":"publish","type":"product","link":"https:\/\/shop.hometolife3d.com\/index.php\/product\/oblong-arte-2\/","title":{"rendered":"Oblong \u2014 Arte"},"content":{"rendered":"","protected":false},"excerpt":{"rendered":"<p>Oblong besticht durch ein verspieltes Patchwork aus unregelm\u00e4\u00dfigenRechtecken. Wie bei Gipsstrukturen sind hier Abschnitte \u00fcbereinanderplatzi&#8230;<\/p>\n","protected":false},"featured_media":21754,"template":"","meta":{"_acf_changed":false},"product_brand":[],"product_cat":[143,187,246],"product_tag":[],"product_designer":[198],"class_list":{"0":"post-21755","1":"product","2":"type-product","3":"status-publish","4":"has-post-thumbnail","6":"product_cat-afwerkingen","7":"product_cat-alle-items","8":"product_cat-behang","9":"product_designer-arte-wallcovering","11":"first","12":"instock","13":"shipping-taxable","14":"purchasable","15":"product-type-simple"},"acf":[],"_links":{"self":[{"href":"https:\/\/shop.hometolife3d.com\/index.php\/wp-json\/wp\/v2\/product\/21755","targetHints":{"allow":["GET"]}}],"collection":[{"href":"https:\/\/shop.hometolife3d.com\/index.php\/wp-json\/wp\/v2\/product"}],"about":[{"href":"https:\/\/shop.hometolife3d.com\/index.php\/wp-json\/wp\/v2\/types\/product"}],"version-history":[{"count":0,"href":"https:\/\/shop.hometolife3d.com\/index.php\/wp-json\/wp\/v2\/product\/21755\/revisions"}],"wp:featuredmedia":[{"embeddable":true,"href":"https:\/\/shop.hometolife3d.com\/index.php\/wp-json\/wp\/v2\/media\/21754"}],"wp:attachment":[{"href":"https:\/\/shop.hometolife3d.com\/index.php\/wp-json\/wp\/v2\/media?parent=21755"}],"wp:term":[{"taxonomy":"product_brand","embeddable":true,"href":"https:\/\/shop.hometolife3d.com\/index.php\/wp-json\/wp\/v2\/product_brand?post=21755"},{"taxonomy":"product_cat","embeddable":true,"href":"https:\/\/shop.hometolife3d.com\/index.php\/wp-json\/wp\/v2\/product_cat?post=21755"},{"taxonomy":"product_tag","embeddable":true,"href":"https:\/\/shop.hometolife3d.com\/index.php\/wp-json\/wp\/v2\/product_tag?post=21755"},{"taxonomy":"product_designer","embeddable":true,"href":"https:\/\/shop.hometolife3d.com\/index.php\/wp-json\/wp\/v2\/product_designer?post=21755"}],"curies":[{"name":"wp","href":"https:\/\/api.w.org\/{rel}","templated":true}]}}